{"id":15,"date":"2013-10-07T16:29:30","date_gmt":"2013-10-07T16:29:30","guid":{"rendered":"http:\/\/victorpintos.com.ar\/?page_id=15"},"modified":"2025-04-29T00:59:25","modified_gmt":"2025-04-29T00:59:25","slug":"libros","status":"publish","type":"page","link":"https:\/\/victorpintos.com.ar\/?page_id=15","title":{"rendered":"Libros"},"content":{"rendered":"<div class=\"et_pb_section et_section_regular\">\r\n\t\t\t\r\n\t\t\t\r\n\t\t\t\t\r\n\t\t\t\t<div class=\"et_pb_row\">\r\n\t\t\t<div class=\"et_pb_column et_pb_column_1_4\">\r\n\t\t\t<img decoding=\"async\" src=\"http:\/\/victorpintos.com.ar\/wp-content\/uploads\/2022\/06\/Recuentos.jpg\" alt=\"\" class=\"et-waypoint et_pb_image et_pb_animation_left\" \/>\r\n\t\t<\/div> <!-- .et_pb_column --><div class=\"et_pb_column et_pb_column_3_4\">\r\n\t\t\t<div class=\"et_pb_text et_pb_bg_layout_light et_pb_text_align_left\">\r\n\t\t\t\r\n\t\t<\/div> <!-- .et_pb_text --><strong>Recuentos\u00a0\u00a0<\/strong><br \/>\n<strong>Ecoval C\u00f3rdoba (2022)<\/strong><\/p>\n<p>Este libro es una autobiograf\u00eda del autor y una antolog\u00eda no ordenada de su obra period\u00edstica de 46 a\u00f1os.<\/p>\n<p><strong><img decoding=\"async\" src=\"http:\/\/victorpintos.com.ar\/wp-content\/uploads\/2022\/06\/Cuentos-para-cantar.jpg\" \/><\/strong><\/p>\n<p><strong>Cuentos para cantar<\/strong><br \/>\n<strong>Ecoval C\u00f3rdoba (2022)<\/strong><\/p>\n<p>Cuentos infantiles con ilustraciones de Alejandro O&#8217;Kif, protagonizados por ni\u00f1as y ni\u00f1os de distintos lugares del pa\u00eds y unidos por un origen en com\u00fan: las canciones populares.<\/p>\n<p><img decoding=\"async\" src=\"http:\/\/victorpintos.com.ar\/wp-content\/uploads\/2022\/06\/Cuentos-para-cantar-Don-Ata.jpg\" \/><br \/>\n<strong>Cuentos para cantar &#8211; Don Ata<\/strong><br \/>\n<strong>Ecoval C\u00f3rdoba (2022)<\/strong><\/p>\n<p>Cuentos infantiles con ilustraciones de Alejandro O&#8217;Kif, protagonizados por ni\u00f1as y ni\u00f1os de de Pergamino, provincia de Buenos Aires, donde naci\u00f3 Atahualpa Yupanqui, el padre del folklore argentino.<\/p>\n<p>Todos est\u00e1n unidos por un origen en com\u00fan: algunas de las muchas canciones que escribi\u00f3 Yupanqui.<\/p>\n<p><strong><img decoding=\"async\" src=\"http:\/\/victorpintos.com.ar\/wp-content\/uploads\/2022\/06\/MH-es-Argentina.jpg\" \/><br \/>\nMH es Argentina!<\/strong><br \/>\n<strong>INAMU (2022)<\/strong><\/p>\n<p>Este libro cuenta la trayectoria del sello discogr\u00e1fico argentino Music Hall, que atraves\u00f3 con intensidad 40 a\u00f1os de la historia reciente del pa\u00eds, desde su creaci\u00f3n, a principios de los 50, hasta su final, que se registr\u00f3 a comienzos de los 90, y cuyo cat\u00e1logo fue rescatado en 2016 por INAMU, el Instituto Nacional de la M\u00fasica.<\/p>\n<p>Asimismo, cuenta la historia personal del autor, que lleg\u00f3 a Buenos Aires en el comienzo de 1980 desde su Olavarr\u00eda natal a instancias de Le\u00f3n Gieco, cuando ten\u00eda solo 21 a\u00f1os, y que siendo parte de medios gr\u00e1ficos,\u00a0 y como conductor y productor de radio y televisi\u00f3n, siempre ligado a la m\u00fasica popular, se transform\u00f3 en un testigo directo de los hechos narrados.<\/p>\n<p>Es tambi\u00e9n una fotograf\u00eda de un mundo que ya no es. Aquel de las disquer\u00edas, de la televisi\u00f3n reci\u00e9n llegada al color y de las publicaciones period\u00edsticas en papel, que vio el pasaje de los discos de vinilos a los compacts y de las radios AM a las FM.<\/p>\n<p><img decoding=\"async\" src=\"http:\/\/victorpintos.com.ar\/wp-content\/uploads\/2022\/06\/Tanguito3jpg-1.jpg\" \/><\/p>\n<p><strong>Tanguito y los primeros a\u00f1os del rock argentino<\/strong><br \/>\n<strong>Editorial Planeta (2022)<\/strong><\/p>\n<p>Nueva edici\u00f3n del libro de Tanguito, anunciada como definitiva, lanzada por la editorial original en conmemoraci\u00f3n del 50\u00b0 aniversario de la muerte de Jos\u00e9 Alberto Iglesias.<\/p>\n<p><img decoding=\"async\" src=\"http:\/\/victorpintos.com.ar\/wp-content\/uploads\/2022\/06\/Conversaciones-en-Disco-Pi.jpg\" \/><br \/>\n<strong>Conversaciones en Disco Pi<\/strong><br \/>\n<strong>Buena Vista Editora +\u00a0 V\u00edctor Pintos Editora (2018)<\/strong><\/p>\n<p>Compilaci\u00f3n de entrevistas realizadas por el autor en el ciclo radial que\u00a0 condujo desde 2012 en la FM Nuestra Radio de C\u00f3rdoba.<\/p>\n<div class=\"et_pb_section et_section_regular\">\r\n\t\t\t\r\n\t\t\t\r\n\t\t\t\t\r\n\t\t\t\t\r\n\t\t\t\r\n\t\t<\/div> <!-- .et_pb_section --><div class=\"et_pb_row et_pb_row_empty\">\r\n\t\t\t\r\n\t\t<\/div> <!-- .et_pb_row et_pb_row_empty --><div class=\"et_pb_column et_pb_column_1_4 et_pb_column_empty\">\r\n\t\t\t\r\n\t\t<\/div> <!-- .et_pb_column --><img decoding=\"async\" src=\"http:\/\/victorpintos.com.ar\/wp-content\/uploads\/2013\/10\/Tanguito2-150x211.jpg\" alt=\"\" class=\"et-waypoint et_pb_image et_pb_animation_left\" \/>\r\n\t\t<\/div> <!-- .et_pb_column --><div class=\"et_pb_column et_pb_column_3_4\">\r\n\t\t\t<div class=\"et_pb_text et_pb_bg_layout_light et_pb_text_align_left\">\r\n\t\t\t<strong>Tanguito y los primeros a\u00f1os del rock argentino<\/strong><br \/>\n<strong>V\u00edctor Pintos Editora (2013)<\/strong><\/p>\n<p>Segunda edici\u00f3n del libro de Tanguito, de car\u00e1cter independiente, lanzada a 20 a\u00f1os de su publicaci\u00f3n original a trav\u00e9s de una financiaci\u00f3n colectiva, con nuevo dise\u00f1o y el agregado de un centenar de ilustraciones, muchas de ellas in\u00e9ditas, que completaron el relato original.<\/p>\n<p>No estuvo a la venta en librer\u00edas. Se pod\u00eda conseguir desde cualquier lugar del mundo a trav\u00e9s de un mail a editorial@victorpintos.com.ar.<\/p>\n\r\n\t\t<\/div> <!-- .et_pb_text -->\r\n\t\t<\/div> <!-- .et_pb_column -->\r\n\t\t<\/div> <!-- .et_pb_row --><div class=\"et_pb_row\">\r\n\t\t\t<div class=\"et_pb_column et_pb_column_1_4\">\r\n\t\t\t<img decoding=\"async\" src=\"http:\/\/victorpintos.com.ar\/wp-content\/uploads\/2013\/10\/CosquinRock-150x213.jpg\" alt=\"\" class=\"et-waypoint et_pb_image et_pb_animation_left\" \/>\r\n\t\t<\/div> <!-- .et_pb_column --><div class=\"et_pb_column et_pb_column_3_4\">\r\n\t\t\t<div class=\"et_pb_text et_pb_bg_layout_light et_pb_text_align_left\">\r\n\t\t\t<strong>Jos\u00e9 Palazzo &#8211; Cosqu\u00edn Rock<\/strong><br \/>\n<strong>Nueva Tribu (2010)<\/strong><\/p>\n<p>En este libro que Pintos condujo tal como un productor musical y art\u00edstico dirige un disco, el productor cordob\u00e9s Jos\u00e9 Palazzo recorre la historia de las diez primeras ediciones del festival de rock m\u00e1s importante del interior de la Argentina, que \u00e9l creo.<\/p>\n\r\n\t\t<\/div> <!-- .et_pb_text -->\r\n\t\t<\/div> <!-- .et_pb_column -->\r\n\t\t<\/div> <!-- .et_pb_row --><div class=\"et_pb_row\">\r\n\t\t\t<div class=\"et_pb_column et_pb_column_1_4\">\r\n\t\t\t<img decoding=\"async\" src=\"http:\/\/victorpintos.com.ar\/wp-content\/uploads\/2013\/10\/Yupanqui2-150x220.jpg\" alt=\"\" class=\"et-waypoint et_pb_image et_pb_animation_left\" \/>\r\n\t\t<\/div> <!-- .et_pb_column --><div class=\"et_pb_column et_pb_column_3_4\">\r\n\t\t\t<div class=\"et_pb_text et_pb_bg_layout_light et_pb_text_align_left\">\r\n\t\t\t<strong>Atahualpa Yupanqui &#8211; Este largo camino (Memorias)<\/strong><br \/>\n<strong>C\u00e1ntaro (2008)<\/strong><\/p>\n<p>Este trabajo presenta las Memorias que Yupanqui comenz\u00f3 a escribir y dej\u00f3 inconclusas, y una compilaci\u00f3n de textos y testimonios de entrevistas y mon\u00f3logos in\u00e9ditos realizada por Pintos a partir de materiales in\u00e9ditos, lo que complet\u00f3 la tarea no finalizada por el folklorista.<\/p>\n\r\n\t\t<\/div> <!-- .et_pb_text -->\r\n\t\t<\/div> <!-- .et_pb_column -->\r\n\t\t<\/div> <!-- .et_pb_row --><div class=\"et_pb_row\">\r\n\t\t\t<div class=\"et_pb_column et_pb_column_1_4\">\r\n\t\t\t<img decoding=\"async\" src=\"http:\/\/victorpintos.com.ar\/wp-content\/uploads\/2013\/10\/Yupanqui1-150x222.jpg\" alt=\"\" class=\"et-waypoint et_pb_image et_pb_animation_left\" \/>\r\n\t\t<\/div> <!-- .et_pb_column --><div class=\"et_pb_column et_pb_column_3_4\">\r\n\t\t\t<div class=\"et_pb_text et_pb_bg_layout_light et_pb_text_align_left\">\r\n\t\t\t<strong>Atahualpa Yupanqui &#8211; Cartas a Nenette<\/strong><br \/>\n<strong>Editorial Sudamericana (2000)<\/strong><\/p>\n<p>Este libro compila la correspondencia de casi 50 a\u00f1os de Yupanqui con su esposa Antoinette Paule Peppin, Nenette, quien adem\u00e1s de ser su compa\u00f1era de vida, fue co-autora de muchos de los temas m\u00e1s c\u00e9lebres del folklorista, que firm\u00f3 como Pablo del Cerro.<\/p>\n\r\n\t\t<\/div> <!-- .et_pb_text -->\r\n\t\t<\/div> <!-- .et_pb_column -->\r\n\t\t<\/div> <!-- .et_pb_row --><div class=\"et_pb_row\">\r\n\t\t\t<div class=\"et_pb_column et_pb_column_1_4\">\r\n\t\t\t<img decoding=\"async\" src=\"http:\/\/victorpintos.com.ar\/wp-content\/uploads\/2013\/10\/Tanguito1-150x224.jpg\" alt=\"\" class=\"et-waypoint et_pb_image et_pb_animation_left\" \/>\r\n\t\t<\/div> <!-- .et_pb_column --><div class=\"et_pb_column et_pb_column_3_4\">\r\n\t\t\t<div class=\"et_pb_text et_pb_bg_layout_light et_pb_text_align_left\">\r\n\t\t\t<strong>Tanguito La Verdadera Historia<\/strong><br \/>\n<strong>Editorial Planeta (1993)<\/strong><\/p>\n<p>A trav\u00e9s de 200 entrevistas realizadas entre 1982 y 1993, este libro cuenta la historia de Jos\u00e9 Alberto Iglesias, Tanguito, el primer mito del rock argentino, autor junto a Litto Nebbia del emblem\u00e1tico tema \u00abLa Balsa\u00bb, que falleci\u00f3 en tr\u00e1gicas circunstancias en 1972, a los 26 a\u00f1os.<\/p>\n\r\n\t\t<\/div> <!-- .et_pb_text -->\r\n\t\t<\/div> <!-- .et_pb_column -->\r\n\t\t<\/div> <!-- .et_pb_row -->\r\n\t\t\t\r\n\t\t<\/div> <!-- .et_pb_section -->\n","protected":false},"excerpt":{"rendered":"","protected":false},"author":3,"featured_media":0,"parent":0,"menu_order":0,"comment_status":"closed","ping_status":"closed","template":"","meta":{"_monsterinsights_skip_tracking":false,"_monsterinsights_sitenote_active":false,"_monsterinsights_sitenote_note":"","_monsterinsights_sitenote_category":0,"footnotes":""},"class_list":["post-15","page","type-page","status-publish","hentry"],"_links":{"self":[{"href":"https:\/\/victorpintos.com.ar\/index.php?rest_route=\/wp\/v2\/pages\/15","targetHints":{"allow":["GET"]}}],"collection":[{"href":"https:\/\/victorpintos.com.ar\/index.php?rest_route=\/wp\/v2\/pages"}],"about":[{"href":"https:\/\/victorpintos.com.ar\/index.php?rest_route=\/wp\/v2\/types\/page"}],"author":[{"embeddable":true,"href":"https:\/\/victorpintos.com.ar\/index.php?rest_route=\/wp\/v2\/users\/3"}],"replies":[{"embeddable":true,"href":"https:\/\/victorpintos.com.ar\/index.php?rest_route=%2Fwp%2Fv2%2Fcomments&post=15"}],"version-history":[{"count":58,"href":"https:\/\/victorpintos.com.ar\/index.php?rest_route=\/wp\/v2\/pages\/15\/revisions"}],"predecessor-version":[{"id":276,"href":"https:\/\/victorpintos.com.ar\/index.php?rest_route=\/wp\/v2\/pages\/15\/revisions\/276"}],"wp:attachment":[{"href":"https:\/\/victorpintos.com.ar\/index.php?rest_route=%2Fwp%2Fv2%2Fmedia&parent=15"}],"curies":[{"name":"wp","href":"https:\/\/api.w.org\/{rel}","templated":true}]}}