{"id":6,"date":"2013-10-07T16:00:48","date_gmt":"2013-10-07T16:00:48","guid":{"rendered":"http:\/\/victorpintos.com.ar\/?page_id=6"},"modified":"2022-06-28T00:07:37","modified_gmt":"2022-06-28T00:07:37","slug":"trayectoria","status":"publish","type":"page","link":"https:\/\/victorpintos.com.ar\/?page_id=6","title":{"rendered":"Trayectoria"},"content":{"rendered":"\n<div class=\"wp-block-columns is-layout-flex wp-container-core-columns-is-layout-9d6595d7 wp-block-columns-is-layout-flex\">\n<div class=\"wp-block-column is-layout-flow wp-block-column-is-layout-flow\" style=\"flex-basis:100%\">\n<p>\u00a0<\/p>\n<p>V\u00edctor Pintos es periodista, escritor, locutor y productor multimedia. Comenz\u00f3 su actividad profesional hace 46 a\u00f1os. Su especialidad es la m\u00fasica popular.<br \/>Naci\u00f3 en Olavarr\u00eda en noviembre de 1958 y vivi\u00f3 21 a\u00f1os en Buenos Aires, donde escribi\u00f3 en las revistas <strong>\u00abExpreso Imaginario\u00bb<\/strong>, <strong>\u00abHumor\u00bb<\/strong>, <strong>\u00abEl Periodista\u00bb<\/strong> y <strong>\u00abRolling Stone\u00bb<\/strong> y en los diarios <strong>\u00abP\u00e1gina\/12\u00bb<\/strong>, <strong>\u00abSur\u00bb<\/strong>, <strong>\u00abClar\u00edn\u00bb<\/strong> y <strong>\u00abLa Raz\u00f3n\u00bb<\/strong>. Gan\u00f3 dos Mart\u00edn Fierro por trabajos en televisi\u00f3n; uno por el ciclo televisivo <strong>\u00abM\u00fasica Urbana\u00bb<\/strong> (1995) que se emiti\u00f3 por la red Cablevisi\u00f3n, y el otro por el programa<strong> \u00abLa Previa de Cosqu\u00edn\u00bb<\/strong> que se ve por Canal 10 de C\u00f3rdoba. Con Le\u00f3n Gieco produjo el primer disco de Abel Pintos y el \u00faltimo de Antonio Tormo. Fue el realizador del box set \u00abalmendra 68\/70\u00bb del grupo Almendra (2000) y dirigi\u00f3 las ediciones definitivas de la obra completa de An\u00edbal Troilo y Roberto Goyeneche en el sello RCA Victor (2004\/2006). Hasta 2009 condujo el website <strong>rock.com.ar<\/strong>, dedicado al rock argentino. Entre 1993 y 2018 escribi\u00f3 cuatro libros y produjo un quinto. Dos de ellos sobre Atahualpa Yupanqui: <strong>\u00abAtahualpa Yupanqui &#8211; Cartas a Nenette\u00bb<\/strong> (2000) y <strong>\u00abAtahualpa Yupanqui &#8211; Este largo camino (Memorias)\u00bb<\/strong> (2008). El primero, <strong>\u00abTanguito La verdadera historia\u00bb<\/strong> (1993), fue base documental para el film <strong>\u00abTango Feroz\u00bb<\/strong>; es el que reedit\u00f3 en 2013, a 20 a\u00f1os de su aparici\u00f3n original, con el nombre de <strong>\u00abTanguito y los primeros a\u00f1os del rock argentino\u00bb, <\/strong>y que acaba de publicar nuevamente Editorial Planeta en 2022, a prop\u00f3sito del 50\u00b0 aniversario de la muerte del m\u00fasico Jos\u00e9 Alberto Iglesias, anunci\u00e1ndolo como la edici\u00f3n definitiva. Tambi\u00e9n dio a conocer <strong>\u00abConversaciones en Disco Pi\u00bb<\/strong> (2018), que presenta entrevistas realizadas en el ciclo radial que condujo en la FM Nuestra Radio entre marzo de 2012 y enero de 2018 y <strong>\u00abCosqu\u00edn Rock\u00bb<\/strong> de Jos\u00e9 Palazzo (2010). En 2017 fue el curador art\u00edstico del cat\u00e1logo discogr\u00e1fico del sello Music Hall que recuper\u00f3 INAMU, el Instituto Nacional de la M\u00fasica.\u00a0Actualmente desarrolla actividades en C\u00f3rdoba, donde reside desde 2009. Una de ellas es la conducci\u00f3n del ciclo radial <strong>\u00abGPS\u00bb<\/strong> en Radio Universidad, la AM de los SRT (Servicios de Radio y Televisi\u00f3n), el multimedio universitario de medios p\u00fablicos de C\u00f3rdoba. En el oto\u00f1o de 2022, en simult\u00e1neo con la reedici\u00f3n de su obra sobre Tanguito,\u00a0 public\u00f3\u00a0 cuatro libros m\u00e1s: <strong>\u00abRecuentos\u00bb<\/strong>, una autobiograf\u00eda que incluye una antolog\u00eda no ordenada de su obra period\u00edstica de 46 a\u00f1os,<strong> \u00abCuentos para cantar\u00bb y \u00abCuentos para cantar &#8211; Don Ata\u00bb<\/strong>, con cuentos para ni\u00f1as y ni\u00f1os inspirados en canciones populares, y <strong>\u00abMH es Argentina\u00bb, <\/strong>que junto a la historia del sello discogr\u00e1fico argentino Music Hall, cuenta de un mundo que ya no es: aquel de las disquer\u00edas, de la televisi\u00f3n reci\u00e9n llegada al color y de las publicaciones period\u00edsticas en papel, que vio el pasaje de los discos de vinilos a los compacts y de las radios AM a las FM.<\/p>\n<p>\u00a0<\/p>\n<\/div>\n<\/div>\n\n\n\n<p><\/p>\n","protected":false},"excerpt":{"rendered":"<p>\u00a0 V\u00edctor Pintos es periodista, escritor, locutor y productor multimedia. Comenz\u00f3 su actividad profesional hace 46 a\u00f1os. Su especialidad es la m\u00fasica popular.Naci\u00f3 en Olavarr\u00eda en noviembre de 1958 y vivi\u00f3 21 a\u00f1os en Buenos Aires, donde escribi\u00f3 en las revistas \u00abExpreso Imaginario\u00bb, \u00abHumor\u00bb, \u00abEl Periodista\u00bb y \u00abRolling Stone\u00bb y en los diarios \u00abP\u00e1gina\/12\u00bb, \u00abSur\u00bb, [&hellip;]<\/p>\n","protected":false},"author":2,"featured_media":0,"parent":0,"menu_order":0,"comment_status":"closed","ping_status":"closed","template":"","meta":{"_monsterinsights_skip_tracking":false,"_monsterinsights_sitenote_active":false,"_monsterinsights_sitenote_note":"","_monsterinsights_sitenote_category":0,"footnotes":""},"class_list":["post-6","page","type-page","status-publish","hentry"],"_links":{"self":[{"href":"https:\/\/victorpintos.com.ar\/index.php?rest_route=\/wp\/v2\/pages\/6","targetHints":{"allow":["GET"]}}],"collection":[{"href":"https:\/\/victorpintos.com.ar\/index.php?rest_route=\/wp\/v2\/pages"}],"about":[{"href":"https:\/\/victorpintos.com.ar\/index.php?rest_route=\/wp\/v2\/types\/page"}],"author":[{"embeddable":true,"href":"https:\/\/victorpintos.com.ar\/index.php?rest_route=\/wp\/v2\/users\/2"}],"replies":[{"embeddable":true,"href":"https:\/\/victorpintos.com.ar\/index.php?rest_route=%2Fwp%2Fv2%2Fcomments&post=6"}],"version-history":[{"count":21,"href":"https:\/\/victorpintos.com.ar\/index.php?rest_route=\/wp\/v2\/pages\/6\/revisions"}],"predecessor-version":[{"id":289,"href":"https:\/\/victorpintos.com.ar\/index.php?rest_route=\/wp\/v2\/pages\/6\/revisions\/289"}],"wp:attachment":[{"href":"https:\/\/victorpintos.com.ar\/index.php?rest_route=%2Fwp%2Fv2%2Fmedia&parent=6"}],"curies":[{"name":"wp","href":"https:\/\/api.w.org\/{rel}","templated":true}]}}